{"id":49492,"date":"2021-06-30T15:57:37","date_gmt":"2021-06-30T13:57:37","guid":{"rendered":"https:\/\/www.kabanaprea.com\/?page_id=49492"},"modified":"2021-07-12T16:31:39","modified_gmt":"2021-07-12T14:31:39","slug":"nous-rejoindre","status":"publish","type":"page","link":"https:\/\/www.kabanaprea.com\/fr\/nous-rejoindre\/","title":{"rendered":"Nous rejoindre"},"content":{"rendered":"<div id=\"pl-49492\"  class=\"panel-layout\" ><div id=\"pg-49492-0\"  class=\"panel-grid panel-no-style\" ><div id=\"pgc-49492-0-0\"  class=\"panel-grid-cell\" ><div id=\"panel-49492-0-0-0\" class=\"so-panel widget widget_sow-headline panel-first-child panel-last-child\" data-index=\"0\" ><div\n\t\t\t\n\t\t\tclass=\"so-widget-sow-headline so-widget-sow-headline-default-5b80a81c1df5-49492 so-widget-fittext-wrapper\"\n\t\t\t data-fit-text-compressor=\"0.85\"\n\t\t><div class=\"sow-headline-container \">\n\t\t\t\t\t\t\t<h1 class=\"sow-headline\">\n\t\t\t\t\t\tNous rejoindre\t\t\t\t\t\t<\/h1>\n\t\t\t\t\t\t\t\t\t\t\t<div class=\"decoration\">\n\t\t\t\t\t\t<div class=\"decoration-inside\"><\/div>\n\t\t\t\t\t<\/div>\n\t\t\t\t\t<\/div>\n<\/div><\/div><\/div><\/div><div id=\"pg-49492-1\"  class=\"panel-grid panel-no-style\" ><div id=\"pgc-49492-1-0\"  class=\"panel-grid-cell\" ><div id=\"panel-49492-1-0-0\" class=\"so-panel widget widget_text panel-first-child panel-last-child\" data-index=\"1\" >\t\t\t<div class=\"textwidget\"><p><iframe style=\"border: 0;\" src=\"https:\/\/www.google.com\/maps\/embed?pb=!1m18!1m12!1m3!1d3985.01175612591!2d-40.42151928553829!3d-2.812691197951119!2m3!1f0!2f0!3f0!3m2!1i1024!2i768!4f13.1!3m3!1m2!1s0x7e989ebcbe6df13%3A0xe068f01a74101d66!2sHotel%20Kabana!5e0!3m2!1sfr!2sfr!4v1624366961790!5m2!1sfr!2sfr\" width=\"100%\" height=\"600px\" allowfullscreen=\"allowfullscreen\"><\/iframe><\/p>\n<\/div>\n\t\t<\/div><\/div><\/div><div id=\"pg-49492-2\"  class=\"panel-grid panel-no-style\" ><div id=\"pgc-49492-2-0\"  class=\"panel-grid-cell\" ><div id=\"panel-49492-2-0-0\" class=\"so-panel widget widget_sow-headline panel-first-child\" data-index=\"2\" ><div\n\t\t\t\n\t\t\tclass=\"so-widget-sow-headline so-widget-sow-headline-default-42661c0c9fbd-49492\"\n\t\t\t\n\t\t><div class=\"sow-headline-container \">\n\t\t\t\t\t\t\t<h2 class=\"sow-headline\">\n\t\t\t\t\t\tVenir v\u00e9hicul\u00e9\t\t\t\t\t\t<\/h2>\n\t\t\t\t\t\t<\/div>\n<\/div><\/div><div id=\"panel-49492-2-0-1\" class=\"so-panel widget widget_sow-editor panel-last-child\" data-index=\"3\" ><div\n\t\t\t\n\t\t\tclass=\"so-widget-sow-editor so-widget-sow-editor-base\"\n\t\t\t\n\t\t>\n<div class=\"siteorigin-widget-tinymce textwidget\">\n\t<p>L'\u00e9tablissement poss\u00e8de un parking priv\u00e9 gratuit, r\u00e9serv\u00e9 aux h\u00f4tes s\u00e9journant \u00e0 Kabana.<\/p>\n<\/div>\n<\/div><\/div><\/div><\/div><div id=\"pg-49492-3\"  class=\"panel-grid panel-no-style\" ><div id=\"pgc-49492-3-0\"  class=\"panel-grid-cell\" ><div id=\"panel-49492-3-0-0\" class=\"so-panel widget widget_sow-headline panel-first-child\" data-index=\"4\" ><div\n\t\t\t\n\t\t\tclass=\"so-widget-sow-headline so-widget-sow-headline-default-42661c0c9fbd-49492\"\n\t\t\t\n\t\t><div class=\"sow-headline-container \">\n\t\t\t\t\t\t\t<h2 class=\"sow-headline\">\n\t\t\t\t\t\tTransfert priv\u00e9\t\t\t\t\t\t<\/h2>\n\t\t\t\t\t\t<\/div>\n<\/div><\/div><div id=\"panel-49492-3-0-1\" class=\"so-panel widget widget_sow-editor panel-last-child\" data-index=\"5\" ><div\n\t\t\t\n\t\t\tclass=\"so-widget-sow-editor so-widget-sow-editor-base\"\n\t\t\t\n\t\t>\n<div class=\"siteorigin-widget-tinymce textwidget\">\n\t<p>Notre concierge reste \u00e0 votre disposition afin d'organiser votre transfert priv\u00e9 en <strong>4x4<\/strong> ou en <strong>h\u00e9licopt\u00e8re<\/strong> de l'a\u00e9roport de votre choix jusqu'\u00e0 Kabana.<br \/>\nLe transfert n'est pas inclus dans le prix de votre s\u00e9jour.<\/p>\n<\/div>\n<\/div><\/div><\/div><\/div><div id=\"pg-49492-4\"  class=\"panel-grid panel-no-style\" ><div id=\"pgc-49492-4-0\"  class=\"panel-grid-cell\" ><div class=\"panel-cell-style panel-cell-style-for-49492-4-0\" ><div id=\"panel-49492-4-0-0\" class=\"so-panel widget widget_sow-image panel-first-child panel-last-child\" data-index=\"6\" ><div\n\t\t\t\n\t\t\tclass=\"so-widget-sow-image so-widget-sow-image-default-8b5b6f678277-49492\"\n\t\t\t\n\t\t>\n\n<div class=\"sow-image-container\">\n\t\t<img decoding=\"async\" src=\"https:\/\/www.kabanaprea.com\/wp-content\/uploads\/2021\/06\/pointille.png\" width=\"299\" height=\"430\" srcset=\"https:\/\/www.kabanaprea.com\/wp-content\/uploads\/2021\/06\/pointille.png 299w, https:\/\/www.kabanaprea.com\/wp-content\/uploads\/2021\/06\/pointille-209x300.png 209w\" sizes=\"(max-width: 299px) 100vw, 299px\" alt=\"\" \t\tclass=\"so-widget-image\"\/>\n\t<\/div>\n\n<\/div><\/div><\/div><\/div><div id=\"pgc-49492-4-1\"  class=\"panel-grid-cell\" ><div id=\"panel-49492-4-1-0\" class=\"so-panel widget widget_sow-editor panel-first-child\" data-index=\"7\" ><div\n\t\t\t\n\t\t\tclass=\"so-widget-sow-editor so-widget-sow-editor-base\"\n\t\t\t\n\t\t><h3 class=\"widget-title\">Pinto Martin International Airport, Fortaleza<\/h3>\n<div class=\"siteorigin-widget-tinymce textwidget\">\n\t<p>L\u2019a\u00e9roport international de Fortaleza est situ\u00e9 \u00e0 284 km soit \u00e0 environ 4h de route de Kabana.<br \/>\nNous avons fait de votre confort notre priorit\u00e9, c\u2019est pourquoi nous mettons \u00e0 la disposition de chaque voyageur un oreiller et une bouteille d\u2019eau lors de votre transf\u00e8re.<\/p>\n<\/div>\n<\/div><\/div><div id=\"panel-49492-4-1-1\" class=\"so-panel widget widget_sow-headline panel-last-child\" data-index=\"8\" ><div\n\t\t\t\n\t\t\tclass=\"so-widget-sow-headline so-widget-sow-headline-default-6f3c4ab8f8ce-49492\"\n\t\t\t\n\t\t><div class=\"sow-headline-container \">\n\t\t\t\t\t\t\t<h4 class=\"sow-headline\">\n\t\t\t\t\t\tL'a\u00e9roport dessert les destinations suivantes :\t\t\t\t\t\t<\/h4>\n\t\t\t\t\t\t<\/div>\n<\/div><\/div><\/div><\/div><div id=\"pg-49492-5\"  class=\"panel-grid panel-no-style\" ><div id=\"pgc-49492-5-0\"  class=\"panel-grid-cell\" ><div class=\"panel-cell-style panel-cell-style-for-49492-5-0\" ><div id=\"panel-49492-5-0-0\" class=\"so-panel widget widget_sow-image panel-first-child panel-last-child\" data-index=\"9\" ><div\n\t\t\t\n\t\t\tclass=\"so-widget-sow-image so-widget-sow-image-default-8b5b6f678277-49492\"\n\t\t\t\n\t\t>\n\n<div class=\"sow-image-container\">\n\t\t<img decoding=\"async\" src=\"https:\/\/www.kabanaprea.com\/wp-content\/uploads\/2021\/06\/pointille.png\" width=\"299\" height=\"430\" srcset=\"https:\/\/www.kabanaprea.com\/wp-content\/uploads\/2021\/06\/pointille.png 299w, https:\/\/www.kabanaprea.com\/wp-content\/uploads\/2021\/06\/pointille-209x300.png 209w\" sizes=\"(max-width: 299px) 100vw, 299px\" alt=\"\" \t\tclass=\"so-widget-image\"\/>\n\t<\/div>\n\n<\/div><\/div><\/div><\/div><div id=\"pgc-49492-5-1\"  class=\"panel-grid-cell\" ><div id=\"panel-49492-5-1-0\" class=\"so-panel widget widget_siteorigin-panels-builder panel-first-child\" data-index=\"10\" ><div id=\"pl-w60dc73771adf7\"  class=\"panel-layout\" ><div id=\"pg-w60dc73771adf7-0\"  class=\"panel-grid panel-no-style\" ><div id=\"pgc-w60dc73771adf7-0-0\"  class=\"panel-grid-cell\" ><div id=\"panel-w60dc73771adf7-0-0-0\" class=\"so-panel widget widget_sow-editor panel-first-child panel-last-child\" data-index=\"0\" ><div\n\t\t\t\n\t\t\tclass=\"so-widget-sow-editor so-widget-sow-editor-base\"\n\t\t\t\n\t\t>\n<div class=\"siteorigin-widget-tinymce textwidget\">\n\t<p>ARGENTINA - BUENOS AIRES [ GOL ]<br \/>\nCAPE VERDE - PRAIA [ TACV ]<br \/>\nCOLOMBIA - BOGOTA [ Avianca ]<br \/>\nFRANCE - PARIS [ Air France-KLM ]<br \/>\nPANAMA - PANAMA CITY [ COPA ]<br \/>\nPORTUGAL - LISBOA [ TAP Air Portugal ]<\/p>\n<\/div>\n<\/div><\/div><\/div><div id=\"pgc-w60dc73771adf7-0-1\"  class=\"panel-grid-cell\" ><div id=\"panel-w60dc73771adf7-0-1-0\" class=\"so-panel widget widget_sow-editor panel-first-child panel-last-child\" data-index=\"1\" ><div\n\t\t\t\n\t\t\tclass=\"so-widget-sow-editor so-widget-sow-editor-base\"\n\t\t\t\n\t\t>\n<div class=\"siteorigin-widget-tinymce textwidget\">\n\t<p>FRANCE - PARIS [ Air France-KLM ]<br \/>\nFRENCH GUIANA - CAYENNE [ AZUL ]<br \/>\nHOLLAND - AMSTERDAM [ France-KLM ]<br \/>\nMADRID - ESPANHA [ Air Europa ]<br \/>\nUSA - MIAMI [ LATAM \/ GOL ]<br \/>\nUSA - ORLANDO [ LATAM ]<\/p>\n<\/div>\n<\/div><\/div><\/div><\/div><div id=\"pg-w60dc73771adf7-1\"  class=\"panel-grid panel-no-style\" ><div id=\"pgc-w60dc73771adf7-1-0\"  class=\"panel-grid-cell panel-grid-cell-empty\" ><\/div><\/div><\/div><\/div><div id=\"panel-49492-5-1-1\" class=\"so-panel widget widget_sow-editor\" data-index=\"11\" ><div\n\t\t\t\n\t\t\tclass=\"so-widget-sow-editor so-widget-sow-editor-base\"\n\t\t\t\n\t\t><h3 class=\"widget-title\">Ariston Pessoa R\u00e9gional Airport, J\u00e9ricoacoara<\/h3>\n<div class=\"siteorigin-widget-tinymce textwidget\">\n\t<p>L'a\u00e9roport est situ\u00e9 \u00e0 12,6 km de Kabana.<\/p>\n<\/div>\n<\/div><\/div><div id=\"panel-49492-5-1-2\" class=\"so-panel widget widget_sow-headline\" data-index=\"12\" ><div\n\t\t\t\n\t\t\tclass=\"so-widget-sow-headline so-widget-sow-headline-default-6f3c4ab8f8ce-49492\"\n\t\t\t\n\t\t><div class=\"sow-headline-container \">\n\t\t\t\t\t\t\t<h4 class=\"sow-headline\">\n\t\t\t\t\t\tL'a\u00e9roport dessert les destinations suivantes :\t\t\t\t\t\t<\/h4>\n\t\t\t\t\t\t<\/div>\n<\/div><\/div><div id=\"panel-49492-5-1-3\" class=\"so-panel widget widget_siteorigin-panels-builder panel-last-child\" data-index=\"13\" ><div id=\"pl-w60dc7377219e5\"  class=\"panel-layout\" ><div id=\"pg-w60dc7377219e5-0\"  class=\"panel-grid panel-no-style\" ><div id=\"pgc-w60dc7377219e5-0-0\"  class=\"panel-grid-cell\" ><div id=\"panel-w60dc7377219e5-0-0-0\" class=\"so-panel widget widget_sow-editor panel-first-child panel-last-child\" data-index=\"0\" ><div\n\t\t\t\n\t\t\tclass=\"so-widget-sow-editor so-widget-sow-editor-base\"\n\t\t\t\n\t\t>\n<div class=\"siteorigin-widget-tinymce textwidget\">\n\t<p>CONFINS - BELO HORIZONTE [ Azul ]<br \/>\nGUARARAPES - RECIFE [ Azul ]<\/p>\n<\/div>\n<\/div><\/div><\/div><div id=\"pgc-w60dc7377219e5-0-1\"  class=\"panel-grid-cell\" ><div id=\"panel-w60dc7377219e5-0-1-0\" class=\"so-panel widget widget_sow-editor panel-first-child panel-last-child\" data-index=\"1\" ><div\n\t\t\t\n\t\t\tclass=\"so-widget-sow-editor so-widget-sow-editor-base\"\n\t\t\t\n\t\t>\n<div class=\"siteorigin-widget-tinymce textwidget\">\n\t<p>GUARULHOS - S\u00c3O PAULO [ GOL ]<\/p>\n<\/div>\n<\/div><\/div><\/div><\/div><\/div><\/div><\/div><\/div><div id=\"pg-49492-6\"  class=\"panel-grid panel-has-style\" ><div class=\"bg-gris siteorigin-panels-stretch panel-row-style panel-row-style-for-49492-6\" data-stretch-type=\"full\" ><div id=\"pgc-49492-6-0\"  class=\"panel-grid-cell\" ><div id=\"panel-49492-6-0-0\" class=\"so-panel widget widget_sow-headline panel-first-child\" data-index=\"14\" ><div\n\t\t\t\n\t\t\tclass=\"so-widget-sow-headline so-widget-sow-headline-default-da53495caac7-49492\"\n\t\t\t\n\t\t><div class=\"sow-headline-container \">\n\t\t\t\t\t\t\t<h2 class=\"sow-headline\">\n\t\t\t\t\t\tTrouver un vol\t\t\t\t\t\t<\/h2>\n\t\t\t\t\t\t\t\t\t\t\t<div class=\"decoration\">\n\t\t\t\t\t\t<div class=\"decoration-inside\"><\/div>\n\t\t\t\t\t<\/div>\n\t\t\t\t\t<\/div>\n<\/div><\/div><div id=\"panel-49492-6-0-1\" class=\"so-panel widget widget_sow-editor panel-last-child\" data-index=\"15\" ><div\n\t\t\t\n\t\t\tclass=\"so-widget-sow-editor so-widget-sow-editor-base\"\n\t\t\t\n\t\t>\n<div class=\"siteorigin-widget-tinymce textwidget\">\n\t<div data-skyscanner-widget=\"SearchWidget\" data-destination-name=\"'Fortaleza (FOR)'\" data-locale=\"fr-FR\" data-params=\"buttonColour:#4f81a0;buttonFontColour:#fff;\"><\/div>\n<p><script src=\"https:\/\/widgets.skyscanner.net\/widget-server\/js\/loader.js\" async=\"\"><\/script><\/p>\n<\/div>\n<\/div><\/div><\/div><\/div><\/div><\/div>","protected":false},"excerpt":{"rendered":"<p>Nous rejoindre Venir v\u00e9hicul\u00e9 L&rsquo;\u00e9tablissement poss\u00e8de un parking priv\u00e9 gratuit, r\u00e9serv\u00e9 aux h\u00f4tes s\u00e9journant \u00e0 Kabana. Transfert priv\u00e9 Notre concierge reste \u00e0 votre disposition afin d&rsquo;organiser votre transfert priv\u00e9 en 4&#215;4 ou en h\u00e9licopt\u00e8re de l&rsquo;a\u00e9roport de votre choix jusqu&rsquo;\u00e0 Kabana. Le transfert n&rsquo;est pas inclus dans le prix de votre s\u00e9jour. Pinto Martin International [&hellip;]<\/p>\n","protected":false},"author":1,"featured_media":0,"parent":0,"menu_order":0,"comment_status":"closed","ping_status":"closed","template":"template-front-page.php","meta":{"inline_featured_image":false,"_monsterinsights_skip_tracking":false,"_monsterinsights_sitenote_active":false,"_monsterinsights_sitenote_note":"","_monsterinsights_sitenote_category":0,"footnotes":""},"class_list":["post-49492","page","type-page","status-publish","hentry"],"_links":{"self":[{"href":"https:\/\/www.kabanaprea.com\/fr\/wp-json\/wp\/v2\/pages\/49492","targetHints":{"allow":["GET"]}}],"collection":[{"href":"https:\/\/www.kabanaprea.com\/fr\/wp-json\/wp\/v2\/pages"}],"about":[{"href":"https:\/\/www.kabanaprea.com\/fr\/wp-json\/wp\/v2\/types\/page"}],"author":[{"embeddable":true,"href":"https:\/\/www.kabanaprea.com\/fr\/wp-json\/wp\/v2\/users\/1"}],"replies":[{"embeddable":true,"href":"https:\/\/www.kabanaprea.com\/fr\/wp-json\/wp\/v2\/comments?post=49492"}],"version-history":[{"count":0,"href":"https:\/\/www.kabanaprea.com\/fr\/wp-json\/wp\/v2\/pages\/49492\/revisions"}],"wp:attachment":[{"href":"https:\/\/www.kabanaprea.com\/fr\/wp-json\/wp\/v2\/media?parent=49492"}],"curies":[{"name":"wp","href":"https:\/\/api.w.org\/{rel}","templated":true}]}}