{"id":50533,"date":"2021-06-30T19:35:48","date_gmt":"2021-06-30T17:35:48","guid":{"rendered":"https:\/\/www.kabanaprea.com\/?page_id=50533"},"modified":"2021-09-16T12:41:27","modified_gmt":"2021-09-16T10:41:27","slug":"mentions-legales","status":"publish","type":"page","link":"https:\/\/www.kabanaprea.com\/fr\/mentions-legales\/","title":{"rendered":"Mentions l\u00e9gales"},"content":{"rendered":"<div id=\"pl-50533\"  class=\"panel-layout\" ><div id=\"pg-50533-0\"  class=\"panel-grid panel-no-style\" ><div id=\"pgc-50533-0-0\"  class=\"panel-grid-cell\" ><div id=\"panel-50533-0-0-0\" class=\"so-panel widget widget_sow-headline panel-first-child panel-last-child\" data-index=\"0\" ><div\n\t\t\t\n\t\t\tclass=\"so-widget-sow-headline so-widget-sow-headline-default-5b80a81c1df5-50533 so-widget-fittext-wrapper\"\n\t\t\t data-fit-text-compressor=\"0.85\"\n\t\t><div class=\"sow-headline-container \">\n\t\t\t\t\t\t\t<h1 class=\"sow-headline\">\n\t\t\t\t\t\tMentions l\u00e9gales\t\t\t\t\t\t<\/h1>\n\t\t\t\t\t\t\t\t\t\t\t<div class=\"decoration\">\n\t\t\t\t\t\t<div class=\"decoration-inside\"><\/div>\n\t\t\t\t\t<\/div>\n\t\t\t\t\t<\/div>\n<\/div><\/div><\/div><\/div><div id=\"pg-50533-1\"  class=\"panel-grid panel-no-style\" ><div id=\"pgc-50533-1-0\"  class=\"panel-grid-cell\" ><div id=\"panel-50533-1-0-0\" class=\"so-panel widget widget_sow-editor panel-first-child panel-last-child\" data-index=\"1\" ><div\n\t\t\t\n\t\t\tclass=\"so-widget-sow-editor so-widget-sow-editor-base\"\n\t\t\t\n\t\t>\n<div class=\"siteorigin-widget-tinymce textwidget\">\n\t<p>Les informations suivantes sont fournies en vertu de l'Article 6 de LOI n\u00b0 2004-575 du 21 juin 2004 pour la Confiance dans l'Economie Num\u00e9rique. [<a href=\"https:\/\/www.legifrance.gouv.fr\/loda\/article_lc\/LEGIARTI000037526491\/2020-06-25\/\" target=\"_blank\" rel=\"noopener\">www.legifrance.gouv.fr<\/a>]<\/p>\n<h3>Editeur du site :<\/h3>\n<p>H\u00f4tel et h\u00e9bergement : Kabana<br \/>\nSi\u00e8ge social : Av beira mar s\/n, Praia do Pr\u00e9a, Cruz 62595000 C\u00e9ara Br\u00e9sil<br \/>\nURL du site : kabanaprea.com<\/p>\n<p>Directeur de la publication :<br \/>\nJ\u00e9r\u00f4me PICARD<br \/>\ncontact@kabanaprea.com<br \/>\n+55 88 8108-1489<\/p>\n<p>Num\u00e9ro d'inscription au registre de commerce et des soci\u00e9t\u00e9s : CNPJ : 35807663\/000105<\/p>\n<p>Cr\u00e9ation du site : <a href=\"https:\/\/www.sb-web.fr\/\" target=\"_blank\" rel=\"noopener\">Sophie Berland<\/a><br \/>\nH\u00e9bergement du site : Nuxit<br \/>\nSi\u00e8ge : 97 Bis rue G\u00e9n\u00e9ral Mangin 38100 Grenoble<br \/>\nR.C.S de Nuxit : Bobigny B 451 146 757<br \/>\nCapital de Nuxit : 10 000,00 \u20ac<\/p>\n<h3>Informatique et libert\u00e9s :<\/h3>\n<p>Conform\u00e9ment \u00e0 la loi \u00ab informatique et libert\u00e9s \u00bb du 6 janvier 1978 modifi\u00e9e en 2004, vous b\u00e9n\u00e9ficiez d'un droit d'acc\u00e8s et de rectification aux informations qui vous concernent, que vous pouvez exercer en vous adressant \u00e0 Kabana - Av beira mar s\/n, Praia do Pr\u00e9a, Cruz 62595000 C\u00e9ara Br\u00e9sil<\/p>\n<h3>Donn\u00e9es personnelles :<\/h3>\n<p>Les informations recueillies sur ce site sont enregistr\u00e9es dans un fichier informatis\u00e9 par Otelico pour la gestion des contacts clients de l'\u00e9tablissement. Elles sont conserv\u00e9es pour la dur\u00e9e de vie du site et sont destin\u00e9es au chef de l'\u00e9tablissement Conform\u00e9ment \u00e0 la loi \u00ab informatique et libert\u00e9s \u00bb, vous pouvez exercer votre droit d'acc\u00e8s aux donn\u00e9es vous concernant et les faire rectifier en contactant : Kabana, Av beira mar s\/n, Praia do Pr\u00e9a, Cruz 62595000 C\u00e9ara Br\u00e9sil - communication@villa-kabana.com<\/p>\n<p>Pour les Services d'H\u00e9bergements (r\u00e9servation de chambres au sein d'un Etablissement ou autres types d'h\u00e9bergements), il est rappel\u00e9 au Client qu'il ne dispose pas du droit de r\u00e9tractation pr\u00e9vu \u00e0 l'article L. 221-18 du Code de la consommation, et ce conform\u00e9ment \u00e0 l'article L. 221-28 alin\u00e9a 12 du Code de la consommation qui exclut ce droit pour les contrats portant sur des prestations de services d'h\u00e9bergement qui doivent \u00eatre fournis \u00e0 une date ou \u00e0 une p\u00e9riode d\u00e9termin\u00e9e.<\/p>\n<\/div>\n<\/div><\/div><\/div><\/div><\/div>","protected":false},"excerpt":{"rendered":"<p>Les informations suivantes sont fournies en vertu de l&rsquo;Article 6 de LOI n\u00b0 2004-575 du 21 juin 2004 pour la Confiance dans l&rsquo;Economie Num\u00e9rique. [www.legifrance.gouv.fr] Editeur du site : H\u00f4tel et h\u00e9bergement : Kabana Si\u00e8ge social : Av beira mar s\/n, Praia do Pr\u00e9a, Cruz 62595000 C\u00e9ara Br\u00e9sil URL du site : kabanaprea.com Directeur de [&hellip;]<\/p>\n","protected":false},"author":1,"featured_media":0,"parent":0,"menu_order":0,"comment_status":"closed","ping_status":"closed","template":"template-front-page.php","meta":{"inline_featured_image":false,"_monsterinsights_skip_tracking":false,"_monsterinsights_sitenote_active":false,"_monsterinsights_sitenote_note":"","_monsterinsights_sitenote_category":0,"footnotes":""},"class_list":["post-50533","page","type-page","status-publish","hentry"],"_links":{"self":[{"href":"https:\/\/www.kabanaprea.com\/fr\/wp-json\/wp\/v2\/pages\/50533","targetHints":{"allow":["GET"]}}],"collection":[{"href":"https:\/\/www.kabanaprea.com\/fr\/wp-json\/wp\/v2\/pages"}],"about":[{"href":"https:\/\/www.kabanaprea.com\/fr\/wp-json\/wp\/v2\/types\/page"}],"author":[{"embeddable":true,"href":"https:\/\/www.kabanaprea.com\/fr\/wp-json\/wp\/v2\/users\/1"}],"replies":[{"embeddable":true,"href":"https:\/\/www.kabanaprea.com\/fr\/wp-json\/wp\/v2\/comments?post=50533"}],"version-history":[{"count":0,"href":"https:\/\/www.kabanaprea.com\/fr\/wp-json\/wp\/v2\/pages\/50533\/revisions"}],"wp:attachment":[{"href":"https:\/\/www.kabanaprea.com\/fr\/wp-json\/wp\/v2\/media?parent=50533"}],"curies":[{"name":"wp","href":"https:\/\/api.w.org\/{rel}","templated":true}]}}