{"id":73410,"date":"2021-06-09T19:54:58","date_gmt":"2021-06-09T17:54:58","guid":{"rendered":"https:\/\/www.kabanaprea.com\/contacter-la-conciergerie\/"},"modified":"2022-12-28T19:24:41","modified_gmt":"2022-12-28T18:24:41","slug":"contate-o-concierge","status":"publish","type":"page","link":"https:\/\/www.kabanaprea.com\/pt-br\/contate-o-concierge\/","title":{"rendered":"Entre em contato com o concierge"},"content":{"rendered":"<div id=\"pl-73410\"  class=\"panel-layout\" ><div id=\"pg-73410-0\"  class=\"panel-grid panel-no-style\" ><div id=\"pgc-73410-0-0\"  class=\"panel-grid-cell\" ><div id=\"panel-73410-0-0-0\" class=\"so-panel widget widget_sow-headline panel-first-child\" data-index=\"0\" ><div\n\t\t\t\n\t\t\tclass=\"so-widget-sow-headline so-widget-sow-headline-default-5b80a81c1df5-73410 so-widget-fittext-wrapper\"\n\t\t\t data-fit-text-compressor=\"0.85\"\n\t\t><div class=\"sow-headline-container \">\n\t\t\t\t\t\t\t<h1 class=\"sow-headline\">\n\t\t\t\t\t\tReserve a sua estadia\t\t\t\t\t\t<\/h1>\n\t\t\t\t\t\t\t\t\t\t\t<div class=\"decoration\">\n\t\t\t\t\t\t<div class=\"decoration-inside\"><\/div>\n\t\t\t\t\t<\/div>\n\t\t\t\t\t\t\t\t\t\t\t<h3 class=\"sow-sub-headline\">\n\t\t\t\t\t\tContate o concierge\t\t\t\t\t\t<\/h3>\n\t\t\t\t\t\t<\/div>\n<\/div><\/div><div id=\"panel-73410-0-0-1\" class=\"so-panel widget widget_sow-editor panel-last-child\" data-index=\"1\" ><div\n\t\t\t\n\t\t\tclass=\"so-widget-sow-editor so-widget-sow-editor-base\"\n\t\t\t\n\t\t>\n<div class=\"siteorigin-widget-tinymce textwidget\">\n\t<p style=\"text-align: center;\">Nosso concierge est\u00e1 \u00e0 sua disposi\u00e7\u00e3o para esclarecer suas d\u00favidas e tornar sua estadia uma experi\u00eancia inesquec\u00edvel e personalizada.<br \/>\nJantar rom\u00e2ntico, aulas de kitesurf, aluguel de buggy, excurs\u00f5es ou atividades para seus filhos, conte-nos seus desejos.<br \/>\nN\u00f3s tomamos conta de tudo.<\/p>\n<\/div>\n<\/div><\/div><\/div><\/div><div id=\"pg-73410-1\"  class=\"panel-grid panel-has-style\" ><div class=\"bg-gris siteorigin-panels-stretch panel-row-style panel-row-style-for-73410-1\" data-stretch-type=\"full\" ><div id=\"pgc-73410-1-0\"  class=\"panel-grid-cell\" ><div id=\"panel-73410-1-0-0\" class=\"so-panel widget widget_wpforms-widget wpforms-widget panel-first-child panel-last-child\" data-index=\"2\" ><div class=\"wpforms-container wpforms-container-full\" id=\"wpforms-73387\"><form id=\"wpforms-form-73387\" class=\"wpforms-validate wpforms-form\" data-formid=\"73387\" method=\"post\" enctype=\"multipart\/form-data\" action=\"\/pt-br\/wp-json\/wp\/v2\/pages\/73410\" data-token=\"7686a1b3136c6aedac602439ce55ace4\"><noscript class=\"wpforms-error-noscript\">Ative o JavaScript no seu navegador para preencher este formul\u00e1rio.<\/noscript><div class=\"wpforms-field-container\"><div id=\"wpforms-73387-field_0-container\" class=\"wpforms-field wpforms-field-name\" data-field-id=\"0\"><label class=\"wpforms-field-label wpforms-label-hide\" for=\"wpforms-73387-field_0\">Seu nome <span class=\"wpforms-required-label\">*<\/span><\/label><div class=\"wpforms-field-row wpforms-field-large\"><div class=\"wpforms-field-row-block wpforms-first wpforms-one-half\"><input type=\"text\" id=\"wpforms-73387-field_0\" class=\"wpforms-field-name-first wpforms-field-required\" name=\"wpforms[fields][0][first]\" placeholder=\"Primeiro nome\" required><label for=\"wpforms-73387-field_0\" class=\"wpforms-field-sublabel after wpforms-sublabel-hide\">Nome<\/label><\/div><div class=\"wpforms-field-row-block wpforms-one-half\"><input type=\"text\" id=\"wpforms-73387-field_0-last\" class=\"wpforms-field-name-last wpforms-field-required\" name=\"wpforms[fields][0][last]\" placeholder=\"Nome\" required><label for=\"wpforms-73387-field_0-last\" class=\"wpforms-field-sublabel after wpforms-sublabel-hide\">Sobrenome<\/label><\/div><\/div><\/div><div id=\"wpforms-73387-field_1-container\" class=\"wpforms-field wpforms-field-email\" data-field-id=\"1\"><label class=\"wpforms-field-label wpforms-label-hide\" for=\"wpforms-73387-field_1\">Correio eletr\u00f4nico <span class=\"wpforms-required-label\">*<\/span><\/label><input type=\"email\" id=\"wpforms-73387-field_1\" class=\"wpforms-field-large wpforms-field-required\" name=\"wpforms[fields][1]\" placeholder=\"Correio eletr\u00f4nico\" spellcheck=\"false\" required><\/div><div id=\"wpforms-73387-field_5-container\" class=\"wpforms-field wpforms-field-text\" data-field-id=\"5\"><label class=\"wpforms-field-label wpforms-label-hide\" for=\"wpforms-73387-field_5\">Assunto <span class=\"wpforms-required-label\">*<\/span><\/label><input type=\"text\" id=\"wpforms-73387-field_5\" class=\"wpforms-field-large wpforms-field-required\" name=\"wpforms[fields][5]\" placeholder=\"Assunto\" required><\/div><div id=\"wpforms-73387-field_2-container\" class=\"wpforms-field wpforms-field-textarea\" data-field-id=\"2\"><label class=\"wpforms-field-label wpforms-label-hide\" for=\"wpforms-73387-field_2\">Coment\u00e1rios <span class=\"wpforms-required-label\">*<\/span><\/label><textarea id=\"wpforms-73387-field_2\" class=\"wpforms-field-medium wpforms-field-required\" name=\"wpforms[fields][2]\" placeholder=\"Coment\u00e1rios\" required><\/textarea><\/div><\/div><!-- .wpforms-field-container --><div class=\"wpforms-field wpforms-field-hp\"><label for=\"wpforms-73387-field-hp\" class=\"wpforms-field-label\">Phone<\/label><input type=\"text\" name=\"wpforms[hp]\" id=\"wpforms-73387-field-hp\" class=\"wpforms-field-medium\"><\/div><div class=\"wpforms-recaptcha-container wpforms-is-recaptcha wpforms-is-recaptcha-type-v3\" ><input type=\"hidden\" name=\"wpforms[recaptcha]\" value=\"\"><\/div><div class=\"wpforms-submit-container\" ><input type=\"hidden\" name=\"wpforms[id]\" value=\"73387\"><input type=\"hidden\" name=\"wpforms[author]\" value=\"1\"><button type=\"submit\" name=\"wpforms[submit]\" id=\"wpforms-submit-73387\" class=\"wpforms-submit\" data-alt-text=\"Sending ...\" data-submit-text=\"Enviar\" aria-live=\"assertive\" value=\"wpforms-submit\">Enviar<\/button><\/div><\/form><\/div>  <!-- .wpforms-container --><\/div><\/div><div id=\"pgc-73410-1-1\"  class=\"panel-grid-cell\" ><div class=\"panel-cell-style panel-cell-style-for-73410-1-1\" ><div id=\"panel-73410-1-1-0\" class=\"so-panel widget widget_sow-editor panel-first-child\" data-index=\"3\" ><div class=\"panel-widget-style panel-widget-style-for-73410-1-1-0\" ><div\n\t\t\t\n\t\t\tclass=\"so-widget-sow-editor so-widget-sow-editor-base\"\n\t\t\t\n\t\t>\n<div class=\"siteorigin-widget-tinymce textwidget\">\n\t<p><strong>KABANA<\/strong><br \/>\nAv. Beira Mar, Cruz - CE,<br \/>\n62595-000, Br\u00e9sil<\/p>\n<\/div>\n<\/div><\/div><\/div><div id=\"panel-73410-1-1-1\" class=\"so-panel widget widget_sow-button\" data-index=\"4\" ><div\n\t\t\t\n\t\t\tclass=\"so-widget-sow-button so-widget-sow-button-flat-deff2d0133cc-73410\"\n\t\t\t\n\t\t><div class=\"ow-button-base ow-button-align-left\">\n\t<a\n\thref=\"tel:+558881445798\"\n\t\tclass=\"bouton2 contact-button ow-icon-placement-left ow-button-hover\" \t>\n\t\t<span>\n\t\t\t<span class=\"sow-icon-fontawesome sow-fas\" data-sow-icon=\"&#xf879;\"\n\t\tstyle=\"color: #ffffff\" \n\t\taria-hidden=\"true\"><\/span>\n\t\t\t+55 88 8144 5798\t\t<\/span>\n\t<\/a>\n<\/div>\n<\/div><\/div><div id=\"panel-73410-1-1-2\" class=\"so-panel widget widget_sow-editor panel-last-child\" data-index=\"5\" ><div\n\t\t\t\n\t\t\tclass=\"so-widget-sow-editor so-widget-sow-editor-base\"\n\t\t\t\n\t\t>\n<div class=\"siteorigin-widget-tinymce textwidget\">\n\t<div data-number=\"558881445798\" data-pre_filled=\"\" data-style=\"4\" style=\"display: inline; cursor: pointer; z-index: 99999999; \" class=\"ht-ctc-sc ht-ctc-sc-chat sc-style-4 ht-ctc-inline\">\r\n    <div class=\"ctc_chip ctc-analytics ctc_cta\" style=\"display:inline-flex;;justify-content:center;align-items:center;background-color:#e4e4e4;color:#7f7d7d;padding:0 12px;border-radius:25px;font-size:13px;line-height:32px;\">\r\n        <span style=\"margin:0 8px 0 -12px;;order:0;\"><svg style=\"pointer-events:none; display: block; height:32px; width:32px;\" width=\"32px\" height=\"32px\" viewBox=\"0 0 1219.547 1225.016\">\r\n            <path style=\"fill: #E0E0E0;\" fill=\"#E0E0E0\" d=\"M1041.858 178.02C927.206 63.289 774.753.07 612.325 0 277.617 0 5.232 272.298 5.098 606.991c-.039 106.986 27.915 211.42 81.048 303.476L0 1225.016l321.898-84.406c88.689 48.368 188.547 73.855 290.166 73.896h.258.003c334.654 0 607.08-272.346 607.222-607.023.056-162.208-63.052-314.724-177.689-429.463zm-429.533 933.963h-.197c-90.578-.048-179.402-24.366-256.878-70.339l-18.438-10.93-191.021 50.083 51-186.176-12.013-19.087c-50.525-80.336-77.198-173.175-77.16-268.504.111-278.186 226.507-504.503 504.898-504.503 134.812.056 261.519 52.604 356.814 147.965 95.289 95.36 147.728 222.128 147.688 356.948-.118 278.195-226.522 504.543-504.693 504.543z\"\/>\r\n            <linearGradient id=\"htwaicona-chat-sc\" gradientUnits=\"userSpaceOnUse\" x1=\"609.77\" y1=\"1190.114\" x2=\"609.77\" y2=\"21.084\">\r\n                <stop offset=\"0\" stop-color=\"#20b038\"\/>\r\n                <stop offset=\"1\" stop-color=\"#60d66a\"\/>\r\n            <\/linearGradient>\r\n            <path style=\"fill: url(#htwaicona-chat-sc);\" fill=\"url(#htwaicona-chat-sc)\" d=\"M27.875 1190.114l82.211-300.18c-50.719-87.852-77.391-187.523-77.359-289.602.133-319.398 260.078-579.25 579.469-579.25 155.016.07 300.508 60.398 409.898 169.891 109.414 109.492 169.633 255.031 169.57 409.812-.133 319.406-260.094 579.281-579.445 579.281-.023 0 .016 0 0 0h-.258c-96.977-.031-192.266-24.375-276.898-70.5l-307.188 80.548z\"\/>\r\n            <image overflow=\"visible\" opacity=\".08\" width=\"682\" height=\"639\" transform=\"translate(270.984 291.372)\"\/>\r\n            <path fill-rule=\"evenodd\" clip-rule=\"evenodd\" style=\"fill: #FFFFFF;\" fill=\"#FFF\" d=\"M462.273 349.294c-11.234-24.977-23.062-25.477-33.75-25.914-8.742-.375-18.75-.352-28.742-.352-10 0-26.25 3.758-39.992 18.766-13.75 15.008-52.5 51.289-52.5 125.078 0 73.797 53.75 145.102 61.242 155.117 7.5 10 103.758 166.266 256.203 226.383 126.695 49.961 152.477 40.023 179.977 37.523s88.734-36.273 101.234-71.297c12.5-35.016 12.5-65.031 8.75-71.305-3.75-6.25-13.75-10-28.75-17.5s-88.734-43.789-102.484-48.789-23.75-7.5-33.75 7.516c-10 15-38.727 48.773-47.477 58.773-8.75 10.023-17.5 11.273-32.5 3.773-15-7.523-63.305-23.344-120.609-74.438-44.586-39.75-74.688-88.844-83.438-103.859-8.75-15-.938-23.125 6.586-30.602 6.734-6.719 15-17.508 22.5-26.266 7.484-8.758 9.984-15.008 14.984-25.008 5-10.016 2.5-18.773-1.25-26.273s-32.898-81.67-46.234-111.326z\"\/>\r\n            <path style=\"fill: #FFFFFF;\" fill=\"#FFF\" d=\"M1036.898 176.091C923.562 62.677 772.859.185 612.297.114 281.43.114 12.172 269.286 12.039 600.137 12 705.896 39.633 809.13 92.156 900.13L7 1211.067l318.203-83.438c87.672 47.812 186.383 73.008 286.836 73.047h.255.003c330.812 0 600.109-269.219 600.25-600.055.055-160.343-62.328-311.108-175.649-424.53zm-424.601 923.242h-.195c-89.539-.047-177.344-24.086-253.93-69.531l-18.227-10.805-188.828 49.508 50.414-184.039-11.875-18.867c-49.945-79.414-76.312-171.188-76.273-265.422.109-274.992 223.906-498.711 499.102-498.711 133.266.055 258.516 52 352.719 146.266 94.195 94.266 146.031 219.578 145.992 352.852-.118 274.999-223.923 498.749-498.899 498.749z\"\/>\r\n        <\/svg><\/span>\r\n        <span>WhatsApp<\/span>\r\n    <\/div>\r\n<\/div>\n<\/div>\n<\/div><\/div><\/div><\/div><\/div><\/div><\/div>","protected":false},"excerpt":{"rendered":"<p>Nosso concierge est\u00e1 \u00e0 sua disposi\u00e7\u00e3o para esclarecer suas d\u00favidas e tornar sua estadia uma experi\u00eancia inesquec\u00edvel e personalizada. Jantar rom\u00e2ntico, aulas de kitesurf, aluguel de buggy, excurs\u00f5es ou atividades para seus filhos, conte-nos seus desejos. N\u00f3s tomamos conta de tudo. KABANA Av. Beira Mar, Cruz &#8211; CE, 62595-000, Br\u00e9sil<\/p>\n","protected":false},"author":1,"featured_media":0,"parent":0,"menu_order":0,"comment_status":"closed","ping_status":"closed","template":"template-front-page.php","meta":{"inline_featured_image":false,"_monsterinsights_skip_tracking":false,"_monsterinsights_sitenote_active":false,"_monsterinsights_sitenote_note":"","_monsterinsights_sitenote_category":0,"footnotes":""},"class_list":["post-73410","page","type-page","status-publish","hentry"],"_links":{"self":[{"href":"https:\/\/www.kabanaprea.com\/pt-br\/wp-json\/wp\/v2\/pages\/73410","targetHints":{"allow":["GET"]}}],"collection":[{"href":"https:\/\/www.kabanaprea.com\/pt-br\/wp-json\/wp\/v2\/pages"}],"about":[{"href":"https:\/\/www.kabanaprea.com\/pt-br\/wp-json\/wp\/v2\/types\/page"}],"author":[{"embeddable":true,"href":"https:\/\/www.kabanaprea.com\/pt-br\/wp-json\/wp\/v2\/users\/1"}],"replies":[{"embeddable":true,"href":"https:\/\/www.kabanaprea.com\/pt-br\/wp-json\/wp\/v2\/comments?post=73410"}],"version-history":[{"count":2,"href":"https:\/\/www.kabanaprea.com\/pt-br\/wp-json\/wp\/v2\/pages\/73410\/revisions"}],"predecessor-version":[{"id":269095,"href":"https:\/\/www.kabanaprea.com\/pt-br\/wp-json\/wp\/v2\/pages\/73410\/revisions\/269095"}],"wp:attachment":[{"href":"https:\/\/www.kabanaprea.com\/pt-br\/wp-json\/wp\/v2\/media?parent=73410"}],"curies":[{"name":"wp","href":"https:\/\/api.w.org\/{rel}","templated":true}]}}