{"id":74411,"date":"2021-06-30T15:57:37","date_gmt":"2021-06-30T13:57:37","guid":{"rendered":"https:\/\/www.kabanaprea.com\/nous-rejoindre\/"},"modified":"2021-09-13T16:35:08","modified_gmt":"2021-09-13T14:35:08","slug":"junte-se-a-nos","status":"publish","type":"page","link":"https:\/\/www.kabanaprea.com\/pt-br\/junte-se-a-nos\/","title":{"rendered":"Junte-se a n\u00f3s"},"content":{"rendered":"<div id=\"pl-74411\"  class=\"panel-layout\" ><div id=\"pg-74411-0\"  class=\"panel-grid panel-no-style\" ><div id=\"pgc-74411-0-0\"  class=\"panel-grid-cell\" ><div id=\"panel-74411-0-0-0\" class=\"so-panel widget widget_sow-headline panel-first-child panel-last-child\" data-index=\"0\" ><div\n\t\t\t\n\t\t\tclass=\"so-widget-sow-headline so-widget-sow-headline-default-5b80a81c1df5-74411 so-widget-fittext-wrapper\"\n\t\t\t data-fit-text-compressor=\"0.85\"\n\t\t><div class=\"sow-headline-container \">\n\t\t\t\t\t\t\t<h1 class=\"sow-headline\">\n\t\t\t\t\t\tJunte-se a n\u00f3s\t\t\t\t\t\t<\/h1>\n\t\t\t\t\t\t\t\t\t\t\t<div class=\"decoration\">\n\t\t\t\t\t\t<div class=\"decoration-inside\"><\/div>\n\t\t\t\t\t<\/div>\n\t\t\t\t\t<\/div>\n<\/div><\/div><\/div><\/div><div id=\"pg-74411-1\"  class=\"panel-grid panel-no-style\" ><div id=\"pgc-74411-1-0\"  class=\"panel-grid-cell\" ><div id=\"panel-74411-1-0-0\" class=\"so-panel widget widget_text panel-first-child panel-last-child\" data-index=\"1\" >\t\t\t<div class=\"textwidget\"><p><iframe style=\"border: 0;\" src=\"https:\/\/www.google.com\/maps\/embed?pb=!1m14!1m8!1m3!1d3985.0117568023256!2d-40.419331!3d-2.812691!3m2!1i1024!2i768!4f13.1!3m3!1m2!1s0x0%3A0xe068f01a74101d66!2sHotel%20Kabana!5e0!3m2!1spt-BR!2sfr!4v1631543461830!5m2!1spt-BR!2sfr\" width=\"100%\" height=\"600px\" allowfullscreen=\"allowfullscreen\"><\/iframe><\/p>\n<\/div>\n\t\t<\/div><\/div><\/div><div id=\"pg-74411-2\"  class=\"panel-grid panel-no-style\" ><div id=\"pgc-74411-2-0\"  class=\"panel-grid-cell\" ><div id=\"panel-74411-2-0-0\" class=\"so-panel widget widget_sow-headline panel-first-child\" data-index=\"2\" ><div\n\t\t\t\n\t\t\tclass=\"so-widget-sow-headline so-widget-sow-headline-default-42661c0c9fbd-74411\"\n\t\t\t\n\t\t><div class=\"sow-headline-container \">\n\t\t\t\t\t\t\t<h2 class=\"sow-headline\">\n\t\t\t\t\t\tVenir v\u00e9hicul\u00e9\t\t\t\t\t\t<\/h2>\n\t\t\t\t\t\t<\/div>\n<\/div><\/div><div id=\"panel-74411-2-0-1\" class=\"so-panel widget widget_sow-editor panel-last-child\" data-index=\"3\" ><div\n\t\t\t\n\t\t\tclass=\"so-widget-sow-editor so-widget-sow-editor-base\"\n\t\t\t\n\t\t>\n<div class=\"siteorigin-widget-tinymce textwidget\">\n\t<p>O estabelecimento tem estacionamento privativo gratuito, reservado aos h\u00f3spedes hospedados em Kabana.<\/p>\n<\/div>\n<\/div><\/div><\/div><\/div><div id=\"pg-74411-3\"  class=\"panel-grid panel-no-style\" ><div id=\"pgc-74411-3-0\"  class=\"panel-grid-cell\" ><div id=\"panel-74411-3-0-0\" class=\"so-panel widget widget_sow-headline panel-first-child\" data-index=\"4\" ><div\n\t\t\t\n\t\t\tclass=\"so-widget-sow-headline so-widget-sow-headline-default-42661c0c9fbd-74411\"\n\t\t\t\n\t\t><div class=\"sow-headline-container \">\n\t\t\t\t\t\t\t<h2 class=\"sow-headline\">\n\t\t\t\t\t\tTransfer\u00eancia privada\t\t\t\t\t\t<\/h2>\n\t\t\t\t\t\t<\/div>\n<\/div><\/div><div id=\"panel-74411-3-0-1\" class=\"so-panel widget widget_sow-editor panel-last-child\" data-index=\"5\" ><div\n\t\t\t\n\t\t\tclass=\"so-widget-sow-editor so-widget-sow-editor-base\"\n\t\t\t\n\t\t>\n<div class=\"siteorigin-widget-tinymce textwidget\">\n\t<p>Nosso concierge est\u00e1 \u00e0 sua disposi\u00e7\u00e3o para organizar seu traslado particular por <strong>4x4<\/strong> ou <strong>helic\u00f3ptero<\/strong> do aeroporto de sua escolha para Kabana.<br \/>\nA transfer\u00eancia n\u00e3o est\u00e1 inclu\u00edda no pre\u00e7o de sua estadia.<\/p>\n<\/div>\n<\/div><\/div><\/div><\/div><div id=\"pg-74411-4\"  class=\"panel-grid panel-no-style\" ><div id=\"pgc-74411-4-0\"  class=\"panel-grid-cell\" ><div class=\"panel-cell-style panel-cell-style-for-74411-4-0\" ><div id=\"panel-74411-4-0-0\" class=\"so-panel widget widget_sow-image panel-first-child panel-last-child\" data-index=\"6\" ><div\n\t\t\t\n\t\t\tclass=\"so-widget-sow-image so-widget-sow-image-default-8b5b6f678277-74411\"\n\t\t\t\n\t\t>\n\n<div class=\"sow-image-container\">\n\t\t<img decoding=\"async\" src=\"https:\/\/www.kabanaprea.com\/wp-content\/uploads\/2021\/06\/pointille.png\" width=\"299\" height=\"430\" srcset=\"https:\/\/www.kabanaprea.com\/wp-content\/uploads\/2021\/06\/pointille.png 299w, https:\/\/www.kabanaprea.com\/wp-content\/uploads\/2021\/06\/pointille-209x300.png 209w\" sizes=\"(max-width: 299px) 100vw, 299px\" alt=\"\" \t\tclass=\"so-widget-image\"\/>\n\t<\/div>\n\n<\/div><\/div><\/div><\/div><div id=\"pgc-74411-4-1\"  class=\"panel-grid-cell\" ><div id=\"panel-74411-4-1-0\" class=\"so-panel widget widget_sow-editor panel-first-child\" data-index=\"7\" ><div\n\t\t\t\n\t\t\tclass=\"so-widget-sow-editor so-widget-sow-editor-base\"\n\t\t\t\n\t\t><h3 class=\"widget-title\">Aeroporto Internacional Pinto Martin, Fortaleza<\/h3>\n<div class=\"siteorigin-widget-tinymce textwidget\">\n\t<p>O aeroporto internacional de Fortaleza est\u00e1 localizado a 284 km de dist\u00e2ncia, que fica a cerca de 4 horas de carro de Kabana.<br \/>\nFizemos de seu conforto nossa prioridade, por isso fornecemos a cada viajante um travesseiro e uma garrafa de \u00e1gua durante sua transfer\u00eancia.<\/p>\n<\/div>\n<\/div><\/div><div id=\"panel-74411-4-1-1\" class=\"so-panel widget widget_sow-headline panel-last-child\" data-index=\"8\" ><div\n\t\t\t\n\t\t\tclass=\"so-widget-sow-headline so-widget-sow-headline-default-6f3c4ab8f8ce-74411\"\n\t\t\t\n\t\t><div class=\"sow-headline-container \">\n\t\t\t\t\t\t\t<h4 class=\"sow-headline\">\n\t\t\t\t\t\tO aeroporto serve os seguintes destinos :\t\t\t\t\t\t<\/h4>\n\t\t\t\t\t\t<\/div>\n<\/div><\/div><\/div><\/div><div id=\"pg-74411-5\"  class=\"panel-grid panel-no-style\" ><div id=\"pgc-74411-5-0\"  class=\"panel-grid-cell\" ><div class=\"panel-cell-style panel-cell-style-for-74411-5-0\" ><div id=\"panel-74411-5-0-0\" class=\"so-panel widget widget_sow-image panel-first-child panel-last-child\" data-index=\"9\" ><div\n\t\t\t\n\t\t\tclass=\"so-widget-sow-image so-widget-sow-image-default-8b5b6f678277-74411\"\n\t\t\t\n\t\t>\n\n<div class=\"sow-image-container\">\n\t\t<img decoding=\"async\" src=\"https:\/\/www.kabanaprea.com\/wp-content\/uploads\/2021\/06\/pointille.png\" width=\"299\" height=\"430\" srcset=\"https:\/\/www.kabanaprea.com\/wp-content\/uploads\/2021\/06\/pointille.png 299w, https:\/\/www.kabanaprea.com\/wp-content\/uploads\/2021\/06\/pointille-209x300.png 209w\" sizes=\"(max-width: 299px) 100vw, 299px\" alt=\"\" \t\tclass=\"so-widget-image\"\/>\n\t<\/div>\n\n<\/div><\/div><\/div><\/div><div id=\"pgc-74411-5-1\"  class=\"panel-grid-cell\" ><div id=\"panel-74411-5-1-0\" class=\"so-panel widget widget_siteorigin-panels-builder panel-first-child\" data-index=\"10\" ><div id=\"pl-w613f6003b8500\"  class=\"panel-layout\" ><div id=\"pg-w613f6003b8500-0\"  class=\"panel-grid panel-no-style\" ><div id=\"pgc-w613f6003b8500-0-0\"  class=\"panel-grid-cell\" ><div id=\"panel-w613f6003b8500-0-0-0\" class=\"so-panel widget widget_sow-editor panel-first-child panel-last-child\" data-index=\"0\" ><div\n\t\t\t\n\t\t\tclass=\"so-widget-sow-editor so-widget-sow-editor-base\"\n\t\t\t\n\t\t>\n<div class=\"siteorigin-widget-tinymce textwidget\">\n\t<p>ARGENTINA - BUENOS AIRES [ OBJETIVO ]<br \/>\nCABO VERDE - PRAIA [ TACV ]<br \/>\nCOL\u00d4MBIA - BOGOT\u00c1 [ Avianca ]<br \/>\nFRAN\u00c7A - PARIS [ Air France-KLM ]<br \/>\nPANAM\u00c1 - CIDADE PANAM\u00c1 [ COPA ]<br \/>\nPORTUGAL - LISBOA [ TAP Air Portugal ]<\/p>\n<\/div>\n<\/div><\/div><\/div><div id=\"pgc-w613f6003b8500-0-1\"  class=\"panel-grid-cell\" ><div id=\"panel-w613f6003b8500-0-1-0\" class=\"so-panel widget widget_sow-editor panel-first-child panel-last-child\" data-index=\"1\" ><div\n\t\t\t\n\t\t\tclass=\"so-widget-sow-editor so-widget-sow-editor-base\"\n\t\t\t\n\t\t>\n<div class=\"siteorigin-widget-tinymce textwidget\">\n\t<p>FRAN\u00c7A - PARIS [ Air France-KLM ]<br \/>\nGUIANA FRANCESA - CAYENNE [ AZUL ]<br \/>\nHOLLAND - AMSTERDAM [ France-KLM ]<br \/>\nMADRID - ESPANHA [ Air Europa ]<br \/>\nEUA - MIAMI [ LATAM \/ GOL ]<br \/>\nEUA - ORLANDO [ LATAM ]<\/p>\n<\/div>\n<\/div><\/div><\/div><\/div><div id=\"pg-w613f6003b8500-1\"  class=\"panel-grid panel-no-style\" ><div id=\"pgc-w613f6003b8500-1-0\"  class=\"panel-grid-cell panel-grid-cell-empty\" ><\/div><\/div><\/div><\/div><div id=\"panel-74411-5-1-1\" class=\"so-panel widget widget_sow-editor\" data-index=\"11\" ><div\n\t\t\t\n\t\t\tclass=\"so-widget-sow-editor so-widget-sow-editor-base\"\n\t\t\t\n\t\t><h3 class=\"widget-title\">Aeroporto Regional Ariston Pessoa, Jericoacoara<\/h3>\n<div class=\"siteorigin-widget-tinymce textwidget\">\n\t<p>O aeroporto est\u00e1 localizado a 12,6 km de Kabana.<\/p>\n<\/div>\n<\/div><\/div><div id=\"panel-74411-5-1-2\" class=\"so-panel widget widget_sow-headline\" data-index=\"12\" ><div\n\t\t\t\n\t\t\tclass=\"so-widget-sow-headline so-widget-sow-headline-default-6f3c4ab8f8ce-74411\"\n\t\t\t\n\t\t><div class=\"sow-headline-container \">\n\t\t\t\t\t\t\t<h4 class=\"sow-headline\">\n\t\t\t\t\t\tO aeroporto serve os seguintes destinos :\t\t\t\t\t\t<\/h4>\n\t\t\t\t\t\t<\/div>\n<\/div><\/div><div id=\"panel-74411-5-1-3\" class=\"so-panel widget widget_siteorigin-panels-builder panel-last-child\" data-index=\"13\" ><div id=\"pl-w613f6003c0ce4\"  class=\"panel-layout\" ><div id=\"pg-w613f6003c0ce4-0\"  class=\"panel-grid panel-no-style\" ><div id=\"pgc-w613f6003c0ce4-0-0\"  class=\"panel-grid-cell\" ><div id=\"panel-w613f6003c0ce4-0-0-0\" class=\"so-panel widget widget_sow-editor panel-first-child panel-last-child\" data-index=\"0\" ><div\n\t\t\t\n\t\t\tclass=\"so-widget-sow-editor so-widget-sow-editor-base\"\n\t\t\t\n\t\t>\n<div class=\"siteorigin-widget-tinymce textwidget\">\n\t<p>CONFINS - BELO HORIZONTE [ Azul ]<br \/>\nGUARAPES - RECIFE [ Azul ]<\/p>\n<\/div>\n<\/div><\/div><\/div><div id=\"pgc-w613f6003c0ce4-0-1\"  class=\"panel-grid-cell\" ><div id=\"panel-w613f6003c0ce4-0-1-0\" class=\"so-panel widget widget_sow-editor panel-first-child panel-last-child\" data-index=\"1\" ><div\n\t\t\t\n\t\t\tclass=\"so-widget-sow-editor so-widget-sow-editor-base\"\n\t\t\t\n\t\t>\n<div class=\"siteorigin-widget-tinymce textwidget\">\n\t<p>GUARULHOS - S\u00c3O PAULO [ GOL ]<\/p>\n<\/div>\n<\/div><\/div><\/div><\/div><\/div><\/div><\/div><\/div><div id=\"pg-74411-6\"  class=\"panel-grid panel-has-style\" ><div class=\"bg-gris siteorigin-panels-stretch panel-row-style panel-row-style-for-74411-6\" data-stretch-type=\"full\" ><div id=\"pgc-74411-6-0\"  class=\"panel-grid-cell\" ><div id=\"panel-74411-6-0-0\" class=\"so-panel widget widget_sow-headline panel-first-child\" data-index=\"14\" ><div\n\t\t\t\n\t\t\tclass=\"so-widget-sow-headline so-widget-sow-headline-default-da53495caac7-74411\"\n\t\t\t\n\t\t><div class=\"sow-headline-container \">\n\t\t\t\t\t\t\t<h2 class=\"sow-headline\">\n\t\t\t\t\t\tEncontrar um v\u00f4o\t\t\t\t\t\t<\/h2>\n\t\t\t\t\t\t\t\t\t\t\t<div class=\"decoration\">\n\t\t\t\t\t\t<div class=\"decoration-inside\"><\/div>\n\t\t\t\t\t<\/div>\n\t\t\t\t\t<\/div>\n<\/div><\/div><div id=\"panel-74411-6-0-1\" class=\"so-panel widget widget_sow-editor panel-last-child\" data-index=\"15\" ><div\n\t\t\t\n\t\t\tclass=\"so-widget-sow-editor so-widget-sow-editor-base\"\n\t\t\t\n\t\t>\n<div class=\"siteorigin-widget-tinymce textwidget\">\n\t<div data-skyscanner-widget=\"SearchWidget\" data-destination-name=\"'Fortaleza (FOR)'\" data-locale=\"pt-BR\" data-params=\"buttonColour:#4f81a0;buttonFontColour:#fff;\"><\/div>\n<p><script src=\"https:\/\/widgets.skyscanner.net\/widget-server\/js\/loader.js\" async=\"\"><\/script><\/p>\n<\/div>\n<\/div><\/div><\/div><\/div><\/div><\/div>","protected":false},"excerpt":{"rendered":"<p>Junte-se a n\u00f3s Venir v\u00e9hicul\u00e9 O estabelecimento tem estacionamento privativo gratuito, reservado aos h\u00f3spedes hospedados em Kabana. Transfer\u00eancia privada Nosso concierge est\u00e1 \u00e0 sua disposi\u00e7\u00e3o para organizar seu traslado particular por 4&#215;4 ou helic\u00f3ptero do aeroporto de sua escolha para Kabana. A transfer\u00eancia n\u00e3o est\u00e1 inclu\u00edda no pre\u00e7o de sua estadia. Aeroporto Internacional Pinto Martin, [&hellip;]<\/p>\n","protected":false},"author":1,"featured_media":0,"parent":0,"menu_order":0,"comment_status":"closed","ping_status":"closed","template":"template-front-page.php","meta":{"inline_featured_image":false,"_monsterinsights_skip_tracking":false,"_monsterinsights_sitenote_active":false,"_monsterinsights_sitenote_note":"","_monsterinsights_sitenote_category":0,"footnotes":""},"class_list":["post-74411","page","type-page","status-publish","hentry"],"_links":{"self":[{"href":"https:\/\/www.kabanaprea.com\/pt-br\/wp-json\/wp\/v2\/pages\/74411","targetHints":{"allow":["GET"]}}],"collection":[{"href":"https:\/\/www.kabanaprea.com\/pt-br\/wp-json\/wp\/v2\/pages"}],"about":[{"href":"https:\/\/www.kabanaprea.com\/pt-br\/wp-json\/wp\/v2\/types\/page"}],"author":[{"embeddable":true,"href":"https:\/\/www.kabanaprea.com\/pt-br\/wp-json\/wp\/v2\/users\/1"}],"replies":[{"embeddable":true,"href":"https:\/\/www.kabanaprea.com\/pt-br\/wp-json\/wp\/v2\/comments?post=74411"}],"version-history":[{"count":0,"href":"https:\/\/www.kabanaprea.com\/pt-br\/wp-json\/wp\/v2\/pages\/74411\/revisions"}],"wp:attachment":[{"href":"https:\/\/www.kabanaprea.com\/pt-br\/wp-json\/wp\/v2\/media?parent=74411"}],"curies":[{"name":"wp","href":"https:\/\/api.w.org\/{rel}","templated":true}]}}